{"id":182,"date":"2021-01-25T18:19:29","date_gmt":"2021-01-25T18:19:29","guid":{"rendered":"http:\/\/njverleih.de\/?page_id=182"},"modified":"2022-03-27T12:05:48","modified_gmt":"2022-03-27T12:05:48","slug":"willkommen-auf-unserer-seite","status":"publish","type":"page","link":"https:\/\/njverleih.de\/","title":{"rendered":"Willkommen auf unserer Seite"},"content":{"rendered":"<p>Sie suchen eine Maschine, einen Anh\u00e4nger oder ein Ger\u00e4t f\u00fcr die Realisierung Ihres Vohabens?<\/p>\n<p>Dann sind Sie hier genau richtig!<\/p>\n<p>Bei uns k\u00f6nnen Sie Mietsachen unkompliziert und flexibel ausleihen.<\/p>\n","protected":false},"excerpt":{"rendered":"<p>Sie suchen eine Maschine, einen Anh\u00e4nger oder ein Ger\u00e4t f\u00fcr die Realisierung Ihres Vohabens? Dann sind Sie hier genau richtig! Bei uns k\u00f6nnen Sie Mietsachen unkompliziert und flexibel ausleihen.<\/p>\n","protected":false},"author":1,"featured_media":0,"parent":0,"menu_order":0,"comment_status":"closed","ping_status":"closed","template":"template-frontpage.php","meta":[],"categories":[20],"tags":[],"_links":{"self":[{"href":"https:\/\/njverleih.de\/index.php?rest_route=\/wp\/v2\/pages\/182"}],"collection":[{"href":"https:\/\/njverleih.de\/index.php?rest_route=\/wp\/v2\/pages"}],"about":[{"href":"https:\/\/njverleih.de\/index.php?rest_route=\/wp\/v2\/types\/page"}],"author":[{"embeddable":true,"href":"https:\/\/njverleih.de\/index.php?rest_route=\/wp\/v2\/users\/1"}],"replies":[{"embeddable":true,"href":"https:\/\/njverleih.de\/index.php?rest_route=%2Fwp%2Fv2%2Fcomments&post=182"}],"version-history":[{"count":10,"href":"https:\/\/njverleih.de\/index.php?rest_route=\/wp\/v2\/pages\/182\/revisions"}],"predecessor-version":[{"id":368,"href":"https:\/\/njverleih.de\/index.php?rest_route=\/wp\/v2\/pages\/182\/revisions\/368"}],"wp:attachment":[{"href":"https:\/\/njverleih.de\/index.php?rest_route=%2Fwp%2Fv2%2Fmedia&parent=182"}],"wp:term":[{"taxonomy":"category","embeddable":true,"href":"https:\/\/njverleih.de\/index.php?rest_route=%2Fwp%2Fv2%2Fcategories&post=182"},{"taxonomy":"post_tag","embeddable":true,"href":"https:\/\/njverleih.de\/index.php?rest_route=%2Fwp%2Fv2%2Ftags&post=182"}],"curies":[{"name":"wp","href":"https:\/\/api.w.org\/{rel}","templated":true}]}}